{"id":2,"date":"2023-01-09T17:36:07","date_gmt":"2023-01-09T16:36:07","guid":{"rendered":"https:\/\/dapledge-creation.fr\/?page_id=2"},"modified":"2023-10-31T10:33:02","modified_gmt":"2023-10-31T09:33:02","slug":"page-d-exemple","status":"publish","type":"page","link":"https:\/\/dapledge-creation.fr\/","title":{"rendered":"dapledge-creation"},"content":{"rendered":"\n<blockquote class=\"wp-block-quote has-text-align-center is-layout-flow wp-block-quote-is-layout-flow\">\n<p>Jean-Pierre est un inconditionnel de la mati\u00e8re et de sa texture, on le remarque dans ses sculptures mais aussi dans ses photos.<\/p>\n\n\n\n<p>Rouilles, mousses, argiles, fissures, gouttes, nervures, lui tiennent beaucoup \u00e0 c\u0153ur. C\u2019est l\u2019une des raisons pour laquelle il s\u2019est mis \u00e0 travailler le fer, le bois, la r\u00e9sine, et le plomb, mais aussi pour leur facilit\u00e9 mat\u00e9rielle dans la&nbsp;conception.<\/p>\n\n\n\n<p><a href=\"https:\/\/dapledge-creation.fr\/wp-content\/uploads\/vernissage_a_brouage_samedi_13_aout_2011-720p.mp4\" target=\"_blank\" rel=\"noreferrer noopener\">Son truc c\u2019est la r\u00e9cup, l\u2019industriel, l\u2019artisanal, les objets manufactur\u00e9s anciens.<br>Il passe son temps chez les ferrailleurs, comme un enfant dans un magasin de jouet.<\/a><\/p>\n\n\n\n<p>Il a commenc\u00e9 avec un stock de machines \u00e0 coudre abandonn\u00e9es par un r\u00e9parateur\u2026<\/p>\n\n\n\n<p><br>Il est d\u00e9finitivement reconnu pour sa devise&nbsp;:<\/p>\n\n\n\n<p class=\"has-text-align-center has-extra-large-font-size\"><br><strong>Pourquoi faire l\u00e9ger alors que l\u2019on peut faire lourd?<\/strong><\/p>\n<\/blockquote>\n\n\n\n<div class=\"wp-block-group\"><div class=\"wp-block-group__inner-container is-layout-flow wp-block-group-is-layout-flow\">\n<div class=\"wp-block-group\"><div class=\"wp-block-group__inner-container is-layout-constrained wp-block-group-is-layout-constrained\">\n<div class=\"wp-block-cover is-light\" id=\"menu-acier\"><span aria-hidden=\"true\" class=\"wp-block-cover__background has-background-dim\"><\/span><div class=\"wp-block-cover__inner-container is-layout-flow wp-block-cover-is-layout-flow\">\n<div id=\"acier\" class=\"wp-block-group\"><div class=\"wp-block-group__inner-container is-layout-constrained wp-block-group-is-layout-constrained\">\n<div class=\"wp-block-media-text alignwide is-stacked-on-mobile\"><figure class=\"wp-block-media-text__media\"><a href=\"https:\/\/dapledge-creation.fr\/index.php\/bwg_gallery\/acier\/\"><img loading=\"lazy\" decoding=\"async\" width=\"1600\" height=\"1200\" src=\"https:\/\/dapledge-creation.fr\/wp-content\/uploads\/2023\/02\/tables-13-1.jpg\" alt=\"\" class=\"wp-image-162 size-full\" srcset=\"https:\/\/dapledge-creation.fr\/wp-content\/uploads\/2023\/02\/tables-13-1.jpg 1600w, https:\/\/dapledge-creation.fr\/wp-content\/uploads\/2023\/02\/tables-13-1-300x225.jpg 300w, https:\/\/dapledge-creation.fr\/wp-content\/uploads\/2023\/02\/tables-13-1-1024x768.jpg 1024w, https:\/\/dapledge-creation.fr\/wp-content\/uploads\/2023\/02\/tables-13-1-768x576.jpg 768w, https:\/\/dapledge-creation.fr\/wp-content\/uploads\/2023\/02\/tables-13-1-1536x1152.jpg 1536w\" sizes=\"auto, (max-width: 1600px) 100vw, 1600px\" \/><\/a><\/figure><div class=\"wp-block-media-text__content\">\n<p class=\"has-white-color has-text-color has-extra-large-font-size\">Acier<\/p>\n<\/div><\/div>\n<\/div><\/div>\n<\/div><\/div>\n<\/div><\/div>\n<\/div><\/div>\n\n\n\n<div class=\"wp-block-group alignwide\"><div class=\"wp-block-group__inner-container is-layout-constrained wp-block-group-is-layout-constrained\">\n<div class=\"wp-block-media-text alignwide is-stacked-on-mobile\"><figure class=\"wp-block-media-text__media\"><a href=\"https:\/\/dapledge-creation.fr\/index.php\/bwg_gallery\/Bois\/\"><img loading=\"lazy\" decoding=\"async\" width=\"1504\" height=\"1000\" src=\"https:\/\/dapledge-creation.fr\/wp-content\/uploads\/2023\/01\/girouette-03.jpg\" alt=\"\" class=\"wp-image-35 size-full\" srcset=\"https:\/\/dapledge-creation.fr\/wp-content\/uploads\/2023\/01\/girouette-03.jpg 1504w, https:\/\/dapledge-creation.fr\/wp-content\/uploads\/2023\/01\/girouette-03-300x199.jpg 300w, https:\/\/dapledge-creation.fr\/wp-content\/uploads\/2023\/01\/girouette-03-1024x681.jpg 1024w, https:\/\/dapledge-creation.fr\/wp-content\/uploads\/2023\/01\/girouette-03-768x511.jpg 768w\" sizes=\"auto, (max-width: 1504px) 100vw, 1504px\" \/><\/a><\/figure><div class=\"wp-block-media-text__content\">\n<p class=\"has-white-color has-text-color has-extra-large-font-size\">Bois<\/p>\n<\/div><\/div>\n<\/div><\/div>\n\n\n\n<div class=\"wp-block-group alignwide\"><div class=\"wp-block-group__inner-container is-layout-constrained wp-block-group-is-layout-constrained\">\n<div class=\"wp-block-group alignwide\"><div class=\"wp-block-group__inner-container is-layout-constrained wp-block-group-is-layout-constrained\">\n<div class=\"wp-block-cover alignwide is-light\" style=\"min-height:276px;aspect-ratio:unset;\"><span aria-hidden=\"true\" class=\"wp-block-cover__background has-background-dim\"><\/span><div class=\"wp-block-cover__inner-container is-layout-flow wp-block-cover-is-layout-flow\">\n<div class=\"wp-block-group alignwide\"><div class=\"wp-block-group__inner-container is-layout-constrained wp-block-group-is-layout-constrained\">\n<div class=\"wp-block-media-text alignwide is-stacked-on-mobile\"><figure class=\"wp-block-media-text__media\"><a href=\"https:\/\/dapledge-creation.fr\/index.php\/bwg_gallery\/eclairage\/\"><img loading=\"lazy\" decoding=\"async\" width=\"2560\" height=\"1920\" src=\"https:\/\/dapledge-creation.fr\/wp-content\/uploads\/2023\/02\/P1140278-scaled.jpg\" alt=\"\" class=\"wp-image-84 size-full\" srcset=\"https:\/\/dapledge-creation.fr\/wp-content\/uploads\/2023\/02\/P1140278-scaled.jpg 2560w, https:\/\/dapledge-creation.fr\/wp-content\/uploads\/2023\/02\/P1140278-300x225.jpg 300w, https:\/\/dapledge-creation.fr\/wp-content\/uploads\/2023\/02\/P1140278-1024x768.jpg 1024w, https:\/\/dapledge-creation.fr\/wp-content\/uploads\/2023\/02\/P1140278-768x576.jpg 768w, https:\/\/dapledge-creation.fr\/wp-content\/uploads\/2023\/02\/P1140278-1536x1152.jpg 1536w, https:\/\/dapledge-creation.fr\/wp-content\/uploads\/2023\/02\/P1140278-2048x1536.jpg 2048w\" sizes=\"auto, (max-width: 2560px) 100vw, 2560px\" \/><\/a><\/figure><div class=\"wp-block-media-text__content\">\n<p class=\"has-white-color has-text-color has-extra-large-font-size\">Eclairage<\/p>\n<\/div><\/div>\n<\/div><\/div>\n<\/div><\/div>\n<\/div><\/div>\n<\/div><\/div>\n\n\n\n<div class=\"wp-block-group alignwide\"><div class=\"wp-block-group__inner-container is-layout-constrained wp-block-group-is-layout-constrained\">\n<div class=\"wp-block-media-text alignwide is-stacked-on-mobile\"><figure class=\"wp-block-media-text__media\"><a href=\"https:\/\/dapledge-creation.fr\/index.php\/bwg_gallery\/Land-Art\/\"><img loading=\"lazy\" decoding=\"async\" width=\"800\" height=\"531\" src=\"https:\/\/dapledge-creation.fr\/wp-content\/uploads\/2023\/02\/scie_A.jpg\" alt=\"\" class=\"wp-image-107 size-full\" srcset=\"https:\/\/dapledge-creation.fr\/wp-content\/uploads\/2023\/02\/scie_A.jpg 800w, https:\/\/dapledge-creation.fr\/wp-content\/uploads\/2023\/02\/scie_A-300x199.jpg 300w, https:\/\/dapledge-creation.fr\/wp-content\/uploads\/2023\/02\/scie_A-768x510.jpg 768w\" sizes=\"auto, (max-width: 800px) 100vw, 800px\" \/><\/a><\/figure><div class=\"wp-block-media-text__content\">\n<p class=\"has-text-align-left has-white-color has-text-color has-extra-large-font-size\">Land-Art<\/p>\n<\/div><\/div>\n<\/div><\/div>\n\n\n\n<div class=\"wp-block-group alignwide\"><div class=\"wp-block-group__inner-container is-layout-constrained wp-block-group-is-layout-constrained\">\n<div class=\"wp-block-cover alignwide is-light\" style=\"min-height:427px;aspect-ratio:unset;\"><span aria-hidden=\"true\" class=\"wp-block-cover__background has-background-dim\"><\/span><div class=\"wp-block-cover__inner-container is-layout-flow wp-block-cover-is-layout-flow\">\n<div class=\"wp-block-group alignwide\"><div class=\"wp-block-group__inner-container is-layout-constrained wp-block-group-is-layout-constrained\">\n<div class=\"wp-block-media-text alignwide is-stacked-on-mobile\"><figure class=\"wp-block-media-text__media\"><a href=\"https:\/\/dapledge-creation.fr\/index.php\/bwg_gallery\/Expos\/\"><img loading=\"lazy\" decoding=\"async\" width=\"2560\" height=\"1445\" src=\"https:\/\/dapledge-creation.fr\/wp-content\/uploads\/2023\/02\/P1120730-scaled.jpg\" alt=\"\" class=\"wp-image-87 size-full\" srcset=\"https:\/\/dapledge-creation.fr\/wp-content\/uploads\/2023\/02\/P1120730-scaled.jpg 2560w, https:\/\/dapledge-creation.fr\/wp-content\/uploads\/2023\/02\/P1120730-300x169.jpg 300w, https:\/\/dapledge-creation.fr\/wp-content\/uploads\/2023\/02\/P1120730-1024x578.jpg 1024w, https:\/\/dapledge-creation.fr\/wp-content\/uploads\/2023\/02\/P1120730-768x433.jpg 768w, https:\/\/dapledge-creation.fr\/wp-content\/uploads\/2023\/02\/P1120730-1536x867.jpg 1536w, https:\/\/dapledge-creation.fr\/wp-content\/uploads\/2023\/02\/P1120730-2048x1156.jpg 2048w\" sizes=\"auto, (max-width: 2560px) 100vw, 2560px\" \/><\/a><\/figure><div class=\"wp-block-media-text__content\">\n<p class=\"has-white-color has-text-color has-extra-large-font-size\">Expositions<\/p>\n<\/div><\/div>\n<\/div><\/div>\n<\/div><\/div>\n<\/div><\/div>\n\n\n\n<div class=\"wp-block-media-text alignwide has-media-on-the-right is-stacked-on-mobile is-vertically-aligned-center\"><div class=\"wp-block-media-text__content\">\n<p class=\"has-white-color has-text-color has-large-font-size\"><em>ATELIER<\/em><\/p>\n\n\n\n<p class=\"has-white-color has-text-color\"><strong><a href=\"https:\/\/goo.gl\/maps\/PzPwfB61i1XNGGGL9\" target=\"_blank\" rel=\"noreferrer noopener\">Bayon sur Gironde 33710<\/a><\/strong><\/p>\n\n\n\n<p class=\"has-white-color has-text-color has-large-font-size\">SITE <\/p>\n\n\n\n<p class=\"has-light-gray-color has-text-color\"><em><strong><a href=\"https:\/\/dapledge-creation.fr\" target=\"_blank\" rel=\"noreferrer noopener\">https:\/\/dapledge-creation.fr<\/a><\/strong><\/em><\/p>\n\n\n\n<p class=\"has-white-color has-text-color has-large-font-size\">CONTACT<\/p>\n\n\n\n<p class=\"has-light-gray-color has-text-color\"><strong><a href=\"mailto:dapledge@me.com\">dapledge@me.com<\/a><\/strong><\/p>\n\n\n\n<ul class=\"wp-block-social-links is-layout-flex wp-block-social-links-is-layout-flex\"><li class=\"wp-social-link wp-social-link-mail  wp-block-social-link\"><a href=\"mailto:d&#097;&#112;&#108;e&#100;ge&#064;me.c&#111;&#109;\" class=\"wp-block-social-link-anchor\"><svg width=\"24\" height=\"24\" viewBox=\"0 0 24 24\" version=\"1.1\" xmlns=\"http:\/\/www.w3.org\/2000\/svg\" aria-hidden=\"true\" focusable=\"false\"><path d=\"M19,5H5c-1.1,0-2,.9-2,2v10c0,1.1.9,2,2,2h14c1.1,0,2-.9,2-2V7c0-1.1-.9-2-2-2zm.5,12c0,.3-.2.5-.5.5H5c-.3,0-.5-.2-.5-.5V9.8l7.5,5.6,7.5-5.6V17zm0-9.1L12,13.6,4.5,7.9V7c0-.3.2-.5.5-.5h14c.3,0,.5.2.5.5v.9z\"><\/path><\/svg><span class=\"wp-block-social-link-label screen-reader-text\">E-mail<\/span><\/a><\/li><\/ul>\n<\/div><figure class=\"wp-block-media-text__media\"><a href=\"https:\/\/dapledge-creation.fr\/wp-content\/uploads\/2023\/02\/JP-2013-27.jpg\" target=\"_blank\" rel=\"https:\/\/dapledge-creation.fr\/?preview_id=2&amp;preview_nonce=a334609029&amp;preview=true noreferrer noopener\"><img loading=\"lazy\" decoding=\"async\" width=\"901\" height=\"1024\" src=\"https:\/\/dapledge-creation.fr\/wp-content\/uploads\/2023\/02\/JP-2013-27-901x1024.jpg\" alt=\"\" class=\"wp-image-411 size-full\" srcset=\"https:\/\/dapledge-creation.fr\/wp-content\/uploads\/2023\/02\/JP-2013-27-901x1024.jpg 901w, https:\/\/dapledge-creation.fr\/wp-content\/uploads\/2023\/02\/JP-2013-27-264x300.jpg 264w, https:\/\/dapledge-creation.fr\/wp-content\/uploads\/2023\/02\/JP-2013-27-768x873.jpg 768w, https:\/\/dapledge-creation.fr\/wp-content\/uploads\/2023\/02\/JP-2013-27-1351x1536.jpg 1351w, https:\/\/dapledge-creation.fr\/wp-content\/uploads\/2023\/02\/JP-2013-27.jpg 1596w\" sizes=\"auto, (max-width: 901px) 100vw, 901px\" \/><\/a><\/figure><\/div>\n\n\n\n<ul class=\"wp-block-social-links aligncenter is-content-justification-left is-layout-flex wp-container-core-social-links-is-layout-fdcfc74e wp-block-social-links-is-layout-flex\"><li class=\"wp-social-link wp-social-link-facebook  wp-block-social-link\"><a rel=\"noopener nofollow\" target=\"_blank\" href=\"https:\/\/www.facebook.com\/DapledgeCreation\/\" class=\"wp-block-social-link-anchor\"><svg width=\"24\" height=\"24\" viewBox=\"0 0 24 24\" version=\"1.1\" xmlns=\"http:\/\/www.w3.org\/2000\/svg\" aria-hidden=\"true\" focusable=\"false\"><path d=\"M12 2C6.5 2 2 6.5 2 12c0 5 3.7 9.1 8.4 9.9v-7H7.9V12h2.5V9.8c0-2.5 1.5-3.9 3.8-3.9 1.1 0 2.2.2 2.2.2v2.5h-1.3c-1.2 0-1.6.8-1.6 1.6V12h2.8l-.4 2.9h-2.3v7C18.3 21.1 22 17 22 12c0-5.5-4.5-10-10-10z\"><\/path><\/svg><span class=\"wp-block-social-link-label screen-reader-text\">Facebook<\/span><\/a><\/li><\/ul>\n","protected":false},"excerpt":{"rendered":"<p>Jean-Pierre est un inconditionnel de la mati\u00e8re et de sa texture, on le remarque dans ses sculptures mais aussi dans ses photos. Rouilles, mousses, argiles, fissures, gouttes, nervures, lui tiennent<\/p>\n<p class=\"more-link\"><a class=\"button\" href=\"https:\/\/dapledge-creation.fr\/\" class=\"readmore\">Continue reading<span class=\"screen-reader-text\">dapledge-creation<\/span><\/a><\/p>\n","protected":false},"author":1,"featured_media":0,"parent":0,"menu_order":0,"comment_status":"closed","ping_status":"open","template":"","meta":{"footnotes":""},"class_list":["post-2","page","type-page","status-publish","hentry"],"_links":{"self":[{"href":"https:\/\/dapledge-creation.fr\/index.php\/wp-json\/wp\/v2\/pages\/2","targetHints":{"allow":["GET"]}}],"collection":[{"href":"https:\/\/dapledge-creation.fr\/index.php\/wp-json\/wp\/v2\/pages"}],"about":[{"href":"https:\/\/dapledge-creation.fr\/index.php\/wp-json\/wp\/v2\/types\/page"}],"author":[{"embeddable":true,"href":"https:\/\/dapledge-creation.fr\/index.php\/wp-json\/wp\/v2\/users\/1"}],"replies":[{"embeddable":true,"href":"https:\/\/dapledge-creation.fr\/index.php\/wp-json\/wp\/v2\/comments?post=2"}],"version-history":[{"count":73,"href":"https:\/\/dapledge-creation.fr\/index.php\/wp-json\/wp\/v2\/pages\/2\/revisions"}],"predecessor-version":[{"id":535,"href":"https:\/\/dapledge-creation.fr\/index.php\/wp-json\/wp\/v2\/pages\/2\/revisions\/535"}],"wp:attachment":[{"href":"https:\/\/dapledge-creation.fr\/index.php\/wp-json\/wp\/v2\/media?parent=2"}],"curies":[{"name":"wp","href":"https:\/\/api.w.org\/{rel}","templated":true}]}}